{"id":82,"date":"2015-06-24T22:39:05","date_gmt":"2015-06-24T20:39:05","guid":{"rendered":"http:\/\/www.duesigt.de\/wordpress\/?page_id=82"},"modified":"2015-06-28T23:04:19","modified_gmt":"2015-06-28T21:04:19","slug":"die-heimatstadt","status":"publish","type":"page","link":"http:\/\/www.duesigt.de\/wordpress\/?page_id=82","title":{"rendered":"G\u00fctersloh"},"content":{"rendered":"<p><strong>Hier ein paar interessante Links, um sich \u00fcber G\u00fctersloh zu informieren:<\/strong><\/p>\n<p><strong>Der Kreis <\/strong><br \/>\n<strong><a href=\"http:\/\/www.kreis-guetersloh.de\/\" target=\"_blank\"><img decoding=\"async\" loading=\"lazy\" src=\"http:\/\/www.duesigt.de\/person\/guetersloh\/kreisgt.gif\" alt=\"kreis g\u00fctersloh\" width=\"155\" height=\"55\" border=\"0\" \/><\/a><\/strong><\/p>\n<p><strong>Die Stadt <\/strong><br \/>\n<strong><a href=\"http:\/\/www.guetersloh.de\/\" target=\"_blank\"><img decoding=\"async\" loading=\"lazy\" src=\"http:\/\/www.duesigt.de\/person\/guetersloh\/guetersloh.gif\" alt=\"g\u00fctersloh\" width=\"130\" height=\"67\" border=\"0\" \/><\/a>\u00a0\u00a0\u00a0<\/strong><\/p>\n<p><strong>gt-geht-aus <\/strong><br \/>\n<strong><a href=\"http:\/\/www.gt-geht-aus.de\/\" target=\"_blank\"><img decoding=\"async\" src=\"http:\/\/www.duesigt.de\/person\/guetersloh\/gt-geht-aus.gif\" alt=\"gt-geht-aus\" border=\"0\" \/><\/a><\/strong><\/p>\n<p><strong>Die Weberei &#8211; Party-time <\/strong><br \/>\n<strong><a href=\"http:\/\/www.die-weberei.de\/\" target=\"_blank\"><img decoding=\"async\" src=\"http:\/\/www.duesigt.de\/person\/guetersloh\/weberei.jpg\" alt=\"weberei\" border=\"0\" \/><\/a><\/strong><\/p>\n<p><strong>Die Designer in G\u00fctersloh <\/strong><br \/>\n<strong><a href=\"http:\/\/www.gestalten.de\/\" target=\"_blank\"><img decoding=\"async\" loading=\"lazy\" src=\"http:\/\/www.duesigt.de\/person\/guetersloh\/gestaltende.gif\" alt=\"\" width=\"140\" height=\"60\" border=\"0\" \/><\/a><\/strong><\/p>\n<p><strong>Die Info-Seite <\/strong><br \/>\n<strong><a href=\"http:\/\/www.gt-in.de\/\" target=\"_blank\"><img decoding=\"async\" src=\"http:\/\/www.duesigt.de\/person\/guetersloh\/gt-in-kopf.jpg\" alt=\"gt-info\" border=\"0\" \/><\/a><\/strong><\/p>\n<p><strong>Die Zeitung<\/strong><br \/>\n<strong><a href=\"http:\/\/www.nw-news.de\/\" target=\"_blank\"><img decoding=\"async\" loading=\"lazy\" src=\"http:\/\/www.duesigt.de\/person\/guetersloh\/nw.jpg\" alt=\"neue westf\u00e4lische\" width=\"370\" height=\"72\" border=\"0\" \/><\/a><\/strong><\/p>\n<p><strong>Die Bank <\/strong><br \/>\n<strong><a href=\"http:\/\/www.volksbank-guetersloh.de\/\" target=\"_blank\"><img decoding=\"async\" loading=\"lazy\" src=\"http:\/\/www.duesigt.de\/person\/guetersloh\/voba_gt.jpg\" alt=\"volksbank g\u00fctersloh\" width=\"204\" height=\"63\" border=\"0\" \/><\/a><\/strong><\/p>\n<p><strong>Die &#8218;Plattseite&#8216;<\/strong><br \/>\n<strong><a href=\"http:\/\/www.guetsel.de\/\" target=\"_blank\"><img decoding=\"async\" loading=\"lazy\" src=\"http:\/\/www.duesigt.de\/person\/guetersloh\/guetsel.jpg\" alt=\"guetsel\" width=\"600\" height=\"50\" border=\"0\" \/><\/a><\/strong><\/p>\n<p><strong>Die Partyseite<\/strong><br \/>\n<strong><a href=\"http:\/\/www.guetersloh.org\/\" target=\"blank\"><img decoding=\"async\" loading=\"lazy\" src=\"http:\/\/www.duesigt.de\/person\/guetersloh\/gt-org.gif\" alt=\"guetersloh.org\" width=\"264\" height=\"60\" border=\"0\" \/><\/a><\/strong><\/p>\n<p><strong>Eine weitere GT-Seite<\/strong><br \/>\n<strong><a href=\"http:\/\/www.online-guetersloh.de\/\" target=\"_blank\"><img decoding=\"async\" loading=\"lazy\" src=\"http:\/\/www.duesigt.de\/person\/guetersloh\/online-guetersloh.gif\" alt=\"\" width=\"477\" height=\"152\" border=\"0\" \/><\/a><\/strong><\/p>\n<p><strong>Das Wetter<\/strong><br \/>\n<strong><a href=\"http:\/\/www.wetter.com\/home\/extern\/location.php?type=PLZ&amp;id=14849\" target=\"_blank\"><img decoding=\"async\" src=\"http:\/\/www.wetter.com\/home\/woys\/woys.php?6d3ce4c31ff2c5d192d0d59b375378db,C,3,PLZ,14849\" alt=\"wetter in gt\" border=\"0\" \/><\/a>\u00a0\u00a0\u00a0<a href=\"http:\/\/www.wetter.com\/home\/extern\/location.php?type=WORLD&amp;id=14849\"><img decoding=\"async\" src=\"http:\/\/www.wetter.com\/home\/woys\/woys.php?,F,3,WORLD,14849\" alt=\"\" border=\"0\" \/><\/a><\/strong><\/p>\n<p><strong>Der Stadtplan<\/strong><br \/>\n<strong><a href=\"http:\/\/www.gt-in.de\/index.tpl?K_ID=0019\" target=\"_blank\"><img decoding=\"async\" loading=\"lazy\" src=\"http:\/\/www.duesigt.de\/person\/guetersloh\/stadtplan.jpg\" alt=\"\" width=\"681\" height=\"77\" border=\"0\" \/><\/a><\/strong><\/p>\n<p><strong>Der Nachtbus<\/strong><br \/>\n<strong><a href=\"http:\/\/www.nachtbus-im-kreis.de\/pages\/fahrplan.htm\" target=\"_blank\"><img decoding=\"async\" src=\"http:\/\/www.duesigt.de\/person\/guetersloh\/bus.gif\" alt=\"\" border=\"0\" \/><\/a><\/strong><\/p>\n<p><strong>Das Programmkino<\/strong><br \/>\n<strong><a href=\"http:\/\/www.bambikino.de\/\" target=\"_blank\"><img decoding=\"async\" src=\"http:\/\/www.duesigt.de\/person\/guetersloh\/loewenherz_bambi.gif\" alt=\"\" border=\"0\" \/><\/a><\/strong><\/p>\n<p><strong>Das Gro\u00dfkino<\/strong><br \/>\n<strong><a href=\"http:\/\/www.cinestar.de\/html\/site.php?pgID=7&amp;cityID=22\" target=\"_blank\"><img decoding=\"async\" loading=\"lazy\" src=\"http:\/\/www.duesigt.de\/person\/guetersloh\/cinestar.gif\" alt=\"\" width=\"205\" height=\"80\" border=\"0\" \/><\/a><\/strong><\/p>\n<p><strong>Der Platz<\/strong><br \/>\n<strong><a href=\"http:\/\/www.dreiecksplatz-gt.de\/\" target=\"_blank\"><img decoding=\"async\" src=\"http:\/\/www.duesigt.de\/person\/guetersloh\/3ecksplatz.gif\" alt=\"\" border=\"0\" \/><\/a><\/strong><\/p>\n<p><strong>Die beste Schule der Welt <\/strong><br \/>\n<strong><a href=\"http:\/\/www.ev-stift-gymn.guetersloh.de\/\" target=\"_blank\"><img decoding=\"async\" loading=\"lazy\" src=\"http:\/\/www.duesigt.de\/person\/guetersloh\/evstiftgymn.jpg\" alt=\"\" width=\"320\" height=\"213\" border=\"0\" \/><\/a><\/strong><br \/>\n<strong>*grins*<\/strong><\/p>\n<p><strong>Die Hausger\u00e4tebauer <\/strong><br \/>\n<strong><a href=\"http:\/\/www.miele.de\/\" target=\"_blank\"><img decoding=\"async\" src=\"http:\/\/www.duesigt.de\/person\/miele\/miele_rot.gif\" alt=\"\" border=\"0\" \/><\/a><\/strong><\/p>\n<p><strong>Der Medienmogul <\/strong><br \/>\n<strong><a href=\"http:\/\/www.bertelsmann.de\/\" target=\"_blank\"><img decoding=\"async\" src=\"http:\/\/www.duesigt.de\/person\/guetersloh\/bertelsmann.gif\" alt=\"\" border=\"0\" \/><\/a><\/strong><\/p>\n<p>&nbsp;<\/p>\n","protected":false},"excerpt":{"rendered":"<p>Hier ein paar interessante Links, um sich \u00fcber G\u00fctersloh zu informieren: Der Kreis Die Stadt \u00a0\u00a0\u00a0 gt-geht-aus Die Weberei &#8211; Party-time Die Designer in G\u00fctersloh Die Info-Seite Die Zeitung Die Bank Die &#8218;Plattseite&#8216; Die Partyseite Eine weitere GT-Seite Das Wetter \u00a0\u00a0\u00a0 Der Stadtplan Der Nachtbus Das Programmkino Das Gro\u00dfkino Der Platz Die beste Schule der [&hellip;]<\/p>\n","protected":false},"author":1,"featured_media":0,"parent":0,"menu_order":0,"comment_status":"open","ping_status":"open","template":"","meta":{"footnotes":""},"_links":{"self":[{"href":"http:\/\/www.duesigt.de\/wordpress\/index.php?rest_route=\/wp\/v2\/pages\/82"}],"collection":[{"href":"http:\/\/www.duesigt.de\/wordpress\/index.php?rest_route=\/wp\/v2\/pages"}],"about":[{"href":"http:\/\/www.duesigt.de\/wordpress\/index.php?rest_route=\/wp\/v2\/types\/page"}],"author":[{"embeddable":true,"href":"http:\/\/www.duesigt.de\/wordpress\/index.php?rest_route=\/wp\/v2\/users\/1"}],"replies":[{"embeddable":true,"href":"http:\/\/www.duesigt.de\/wordpress\/index.php?rest_route=%2Fwp%2Fv2%2Fcomments&post=82"}],"version-history":[{"count":4,"href":"http:\/\/www.duesigt.de\/wordpress\/index.php?rest_route=\/wp\/v2\/pages\/82\/revisions"}],"predecessor-version":[{"id":107,"href":"http:\/\/www.duesigt.de\/wordpress\/index.php?rest_route=\/wp\/v2\/pages\/82\/revisions\/107"}],"wp:attachment":[{"href":"http:\/\/www.duesigt.de\/wordpress\/index.php?rest_route=%2Fwp%2Fv2%2Fmedia&parent=82"}],"curies":[{"name":"wp","href":"https:\/\/api.w.org\/{rel}","templated":true}]}}