{"id":71,"date":"2015-06-24T22:25:13","date_gmt":"2015-06-24T20:25:13","guid":{"rendered":"http:\/\/www.duesigt.de\/wordpress\/?page_id=71"},"modified":"2015-06-24T22:45:02","modified_gmt":"2015-06-24T20:45:02","slug":"eric","status":"publish","type":"page","link":"http:\/\/www.duesigt.de\/wordpress\/?page_id=71","title":{"rendered":"Eric"},"content":{"rendered":"<table width=\"100%\" align=\"center\">\n<tbody>\n<tr>\n<td width=\"50%\"><a href=\"http:\/\/www.duesigt.de\/wordpress\/?page_id=78\">DANKE (bitte hier klicken)<\/a><\/p>\n<h2>Hallo &#8211; ich bin&#8217;s, Eric!<\/h2>\n<p>Lieber Internetsurfer,ich m\u00f6chte mich Dir kurz vorstellen.<\/p>\n<p>Mein Name ist\u00a0Eric D\u00fcspohl und ich wurde am 26. M\u00e4rz 2007 um 14:42 Uhr im St\u00e4dtischen Klinikum G\u00fctersloh geboren. Bei meiner Geburt war ich 51 cm gro\u00df und wog 3320 g.<\/p>\n<p>Ich freue mich jetzt auf das aufregende Leben au\u00dferhalb der Mutterbauches!<\/p>\n<p>Wer mir eine E-Mail senden m\u00f6chte, schicke diese bitte an<br \/>\n<a href=\"mailto:eric@duesigt.de\">eric[at]duesigt.de<\/a>.<\/p>\n<p>Liebe Gr\u00fc\u00dfe!Eric<\/td>\n<td><img decoding=\"async\" src=\"http:\/\/www.duesigt.de\/eric\/hallo.jpg\" alt=\"\" width=\"400\" border=\"0\" \/><\/td>\n<\/tr>\n<\/tbody>\n<\/table>\n","protected":false},"excerpt":{"rendered":"<p>DANKE (bitte hier klicken) Hallo &#8211; ich bin&#8217;s, Eric! Lieber Internetsurfer,ich m\u00f6chte mich Dir kurz vorstellen. Mein Name ist\u00a0Eric D\u00fcspohl und ich wurde am 26. M\u00e4rz 2007 um 14:42 Uhr im St\u00e4dtischen Klinikum G\u00fctersloh geboren. Bei meiner Geburt war ich 51 cm gro\u00df und wog 3320 g. Ich freue mich jetzt auf das aufregende Leben [&hellip;]<\/p>\n","protected":false},"author":1,"featured_media":0,"parent":0,"menu_order":0,"comment_status":"open","ping_status":"open","template":"","meta":{"footnotes":""},"_links":{"self":[{"href":"http:\/\/www.duesigt.de\/wordpress\/index.php?rest_route=\/wp\/v2\/pages\/71"}],"collection":[{"href":"http:\/\/www.duesigt.de\/wordpress\/index.php?rest_route=\/wp\/v2\/pages"}],"about":[{"href":"http:\/\/www.duesigt.de\/wordpress\/index.php?rest_route=\/wp\/v2\/types\/page"}],"author":[{"embeddable":true,"href":"http:\/\/www.duesigt.de\/wordpress\/index.php?rest_route=\/wp\/v2\/users\/1"}],"replies":[{"embeddable":true,"href":"http:\/\/www.duesigt.de\/wordpress\/index.php?rest_route=%2Fwp%2Fv2%2Fcomments&post=71"}],"version-history":[{"count":5,"href":"http:\/\/www.duesigt.de\/wordpress\/index.php?rest_route=\/wp\/v2\/pages\/71\/revisions"}],"predecessor-version":[{"id":87,"href":"http:\/\/www.duesigt.de\/wordpress\/index.php?rest_route=\/wp\/v2\/pages\/71\/revisions\/87"}],"wp:attachment":[{"href":"http:\/\/www.duesigt.de\/wordpress\/index.php?rest_route=%2Fwp%2Fv2%2Fmedia&parent=71"}],"curies":[{"name":"wp","href":"https:\/\/api.w.org\/{rel}","templated":true}]}}