{"id":46,"date":"2015-06-24T21:34:43","date_gmt":"2015-06-24T19:34:43","guid":{"rendered":"http:\/\/www.duesigt.de\/wordpress\/?page_id=46"},"modified":"2024-10-06T11:26:00","modified_gmt":"2024-10-06T09:26:00","slug":"startseite","status":"publish","type":"page","link":"http:\/\/www.duesigt.de\/wordpress\/","title":{"rendered":"Startseite"},"content":{"rendered":"<h2 style=\"text-align: left;\"><strong>Herzlich willkommen auf meiner Homepage!<\/strong><\/h2>\n<p style=\"text-align: left;\">\u00dcber das obere Men\u00fc gibt es mehr zu erfahren &#8211; viel Spa\u00df dabei.<\/p>\n<p style=\"text-align: left;\"><a href=\"http:\/\/www.duesigt.de\/wordpress\/wp-content\/uploads\/2015\/06\/duesigt-logo-gross_neu_eingefaerbt.gif\"><img decoding=\"async\" loading=\"lazy\" class=\"alignnone wp-image-47\" src=\"http:\/\/www.duesigt.de\/wordpress\/wp-content\/uploads\/2015\/06\/duesigt-logo-gross_neu_eingefaerbt.gif\" alt=\"duesigt-logo-gross_neu_eingefaerbt\" width=\"200\" height=\"200\" \/><\/a><\/p>\n<p style=\"text-align: left;\">Quick Links:<\/p>\n<p style=\"text-align: left;\"><a title=\"gestalten.de\" href=\"http:\/\/www.gestalten.de\/\" target=\"_blank\" rel=\"noopener noreferrer\">Gestalten.de<\/a> | <a title=\"wittenstein-reisen\" href=\"http:\/\/www.wittenstein-reisen.de\/\" target=\"_blank\" rel=\"noopener noreferrer\">Wittenstein-Reisen<\/a> | <a title=\"roever\" href=\"http:\/\/www.roever-gt.de\/\" target=\"_blank\" rel=\"noopener noreferrer\">Roever<\/a> | <a title=\"g\u00fctersloh\" href=\"http:\/\/www.duesigt.de\/wordpress\/?page_id=82\">G\u00fctersloh<\/a> | <a title=\"sv spexard-homepage\" href=\"http:\/\/www.svspexard.de\/\" target=\"_blank\" rel=\"noopener noreferrer\">SVS<\/a>, <a href=\"http:\/\/www.duesigt.de\/svs-ah\/kalender.html\" target=\"_blank\" rel=\"noopener noreferrer\">-Kalender<\/a>, <a title=\"sv spexard firmenturnier\" href=\"http:\/\/www.firmenturnier.de\/\" target=\"_blank\" rel=\"noopener noreferrer\">-Firmenturnier<\/a> | <a href=\"http:\/\/www.fussball.de\/verein\/sv-spexard-westfalen\/-\/id\/00ES8GN8TC00005QVV0AG08LVUPGND5I#!\/section\/stage\" target=\"_blank\" rel=\"noopener noreferrer\">Fussball.de<\/a> | <a title=\"azubitreffen\" href=\"http:\/\/www.azubitreffen.de.vu\/\" target=\"_blank\" rel=\"noopener noreferrer\">Azubitreffen<\/a> | <a title=\"abi90-esg\" href=\"http:\/\/www.abi90-esg.de.vu\/\" target=\"_blank\" rel=\"noopener noreferrer\">Abi90-ESG<\/a> | <a title=\"flatster\" href=\"http:\/\/www.flatster.com\/\" target=\"_blank\" rel=\"noopener noreferrer\">Flatster<\/a> | <a title=\"facebook\" href=\"http:\/\/www.facebook.com\/duesigt\" target=\"_blank\" rel=\"noopener noreferrer\">Facebook<\/a> | <a title=\"ebay\" href=\"http:\/\/www.ebay.de\/\" target=\"_blank\" rel=\"noopener noreferrer\">ebay<\/a> | <a title=\"guenstiger\" href=\"http:\/\/smile.amazon.de\/\" target=\"_blank\" rel=\"noopener noreferrer\">Amazon<\/a> | <a title=\"guenstiger\" href=\"http:\/\/www.guenstiger.de\/\" target=\"_blank\" rel=\"noopener noreferrer\">Guenstiger<\/a> | <a title=\"google\" href=\"http:\/\/www.google.de\/\" target=\"_blank\" rel=\"noopener noreferrer\">Google<\/a> | <a title=\"voba-bi-gt\" href=\"http:\/\/www.volksbankinostwestfalen.de\" target=\"_blank\" rel=\"noopener noreferrer\">Volksbank in Ostwestfalen<\/a>\u00a0| <a href=\"https:\/\/www.radioguetersloh.de\/home.html\">Radio G\u00fctersloh<\/a> |\u00a0<a title=\"voba-gt\" href=\"http:\/\/www.nw.de\/\" target=\"_blank\" rel=\"noopener noreferrer\">Neue Westf\u00e4lische<\/a> | <a href=\"http:\/\/www.sport1.de\" target=\"_blank\" rel=\"noopener noreferrer\">Sport1<\/a> | <a href=\"http:\/\/www.kicker.de\" target=\"_blank\" rel=\"noopener noreferrer\">Kicker<\/a> |\u00a0<a title=\"web.de\" href=\"http:\/\/www.web.de\/\" target=\"_blank\" rel=\"noopener noreferrer\">Web.de<\/a> | <a href=\"https:\/\/windowsunited.de\/\" target=\"_blank\" rel=\"noopener noreferrer\">WindowsUnited<\/a> |\u00a0<a title=\"web.de\" href=\"http:\/\/www.netka.de\/\" target=\"_blank\" rel=\"noopener noreferrer\">NETka.de<\/a> | <a href=\"https:\/\/millionenklick.web.de\" target=\"_blank\" rel=\"noopener noreferrer\">Millionenklick<\/a> | <a href=\"https:\/\/pixabay.com\" target=\"_blank\" rel=\"noopener noreferrer\">pixabay<\/a> |\u00a0<a href=\"http:\/\/www.duesigt.de\/wordpress\/wp-admin\" target=\"_blank\" rel=\"noopener noreferrer\">WP-Admin<\/a> |<\/p>\n","protected":false},"excerpt":{"rendered":"<p>Herzlich willkommen auf meiner Homepage! \u00dcber das obere Men\u00fc gibt es mehr zu erfahren &#8211; viel Spa\u00df dabei. Quick Links: Gestalten.de | Wittenstein-Reisen | Roever | G\u00fctersloh | SVS, -Kalender, -Firmenturnier | Fussball.de | Azubitreffen | Abi90-ESG | Flatster | Facebook | ebay | Amazon | Guenstiger | Google | Volksbank in Ostwestfalen\u00a0| Radio G\u00fctersloh [&hellip;]<\/p>\n","protected":false},"author":1,"featured_media":0,"parent":0,"menu_order":0,"comment_status":"open","ping_status":"open","template":"","meta":{"footnotes":""},"_links":{"self":[{"href":"http:\/\/www.duesigt.de\/wordpress\/index.php?rest_route=\/wp\/v2\/pages\/46"}],"collection":[{"href":"http:\/\/www.duesigt.de\/wordpress\/index.php?rest_route=\/wp\/v2\/pages"}],"about":[{"href":"http:\/\/www.duesigt.de\/wordpress\/index.php?rest_route=\/wp\/v2\/types\/page"}],"author":[{"embeddable":true,"href":"http:\/\/www.duesigt.de\/wordpress\/index.php?rest_route=\/wp\/v2\/users\/1"}],"replies":[{"embeddable":true,"href":"http:\/\/www.duesigt.de\/wordpress\/index.php?rest_route=%2Fwp%2Fv2%2Fcomments&post=46"}],"version-history":[{"count":29,"href":"http:\/\/www.duesigt.de\/wordpress\/index.php?rest_route=\/wp\/v2\/pages\/46\/revisions"}],"predecessor-version":[{"id":240,"href":"http:\/\/www.duesigt.de\/wordpress\/index.php?rest_route=\/wp\/v2\/pages\/46\/revisions\/240"}],"wp:attachment":[{"href":"http:\/\/www.duesigt.de\/wordpress\/index.php?rest_route=%2Fwp%2Fv2%2Fmedia&parent=46"}],"curies":[{"name":"wp","href":"https:\/\/api.w.org\/{rel}","templated":true}]}}