{"id":32,"date":"2015-06-23T21:42:52","date_gmt":"2015-06-23T19:42:52","guid":{"rendered":"http:\/\/www.duesigt.de\/wordpress\/?page_id=32"},"modified":"2015-06-24T22:46:23","modified_gmt":"2015-06-24T20:46:23","slug":"impressum","status":"publish","type":"page","link":"http:\/\/www.duesigt.de\/wordpress\/?page_id=32","title":{"rendered":"Impressum"},"content":{"rendered":"<p><strong>Betreiber<\/strong><br \/>\nMarkus D\u00fcspohl<\/p>\n<p><strong>Adresse<\/strong><br \/>\nSchledebr\u00fcckstr. 94a<br \/>\n33332 G\u00fctersloh<br \/>\nDeutschland<\/p>\n<p><strong>Telefon<\/strong><br \/>\n+49 &#8211; 5241 &#8211; 9949799<\/p>\n<p><strong>Mobil<\/strong><br \/>\n+49 &#8211; 170 &#8211; 5231565<\/p>\n<p><strong>Mail<\/strong><br \/>\n<a href=\"mailto:duesi@duesigt.de\">duesi[at]duesigt.de<\/a><\/p>\n","protected":false},"excerpt":{"rendered":"<p>Betreiber Markus D\u00fcspohl Adresse Schledebr\u00fcckstr. 94a 33332 G\u00fctersloh Deutschland Telefon +49 &#8211; 5241 &#8211; 9949799 Mobil +49 &#8211; 170 &#8211; 5231565 Mail duesi[at]duesigt.de<\/p>\n","protected":false},"author":1,"featured_media":0,"parent":0,"menu_order":0,"comment_status":"open","ping_status":"open","template":"","meta":{"footnotes":""},"_links":{"self":[{"href":"http:\/\/www.duesigt.de\/wordpress\/index.php?rest_route=\/wp\/v2\/pages\/32"}],"collection":[{"href":"http:\/\/www.duesigt.de\/wordpress\/index.php?rest_route=\/wp\/v2\/pages"}],"about":[{"href":"http:\/\/www.duesigt.de\/wordpress\/index.php?rest_route=\/wp\/v2\/types\/page"}],"author":[{"embeddable":true,"href":"http:\/\/www.duesigt.de\/wordpress\/index.php?rest_route=\/wp\/v2\/users\/1"}],"replies":[{"embeddable":true,"href":"http:\/\/www.duesigt.de\/wordpress\/index.php?rest_route=%2Fwp%2Fv2%2Fcomments&post=32"}],"version-history":[{"count":3,"href":"http:\/\/www.duesigt.de\/wordpress\/index.php?rest_route=\/wp\/v2\/pages\/32\/revisions"}],"predecessor-version":[{"id":88,"href":"http:\/\/www.duesigt.de\/wordpress\/index.php?rest_route=\/wp\/v2\/pages\/32\/revisions\/88"}],"wp:attachment":[{"href":"http:\/\/www.duesigt.de\/wordpress\/index.php?rest_route=%2Fwp%2Fv2%2Fmedia&parent=32"}],"curies":[{"name":"wp","href":"https:\/\/api.w.org\/{rel}","templated":true}]}}