{"id":165,"date":"2015-08-31T00:39:01","date_gmt":"2015-08-30T22:39:01","guid":{"rendered":"http:\/\/www.duesigt.de\/wordpress\/?page_id=165"},"modified":"2015-09-01T22:30:45","modified_gmt":"2015-09-01T20:30:45","slug":"lea","status":"publish","type":"page","link":"http:\/\/www.duesigt.de\/wordpress\/?page_id=165","title":{"rendered":"Lea"},"content":{"rendered":"<p>&nbsp;<\/p>\n<table width=\"100%\" align=\"center\">\n<tbody>\n<tr>\n<td width=\"50%\">\n<h1>Hallo &#8211; ich bin\u00a0Lea!<\/h1>\n<p>Ich wurde am 30. August 2015 um 19:48 Uhr\u00a0im St\u00e4dtischen Klinikum G\u00fctersloh geboren. Bei meiner Geburt war ich 53 cm gro\u00df und wog 3570 g.<\/p>\n<p>Ich bin gespannt, was mich auf dieser Welt so alles erwartet! Ihr auch?<\/p>\n<p>Wer mir eine E-Mail senden m\u00f6chte, schicke diese bitte an<br \/>\n<a href=\"mailto:lea@duesigt.de\">lea[at]duesigt.de<\/a><\/p>\n<p>Liebe Gr\u00fc\u00dfe!<\/p>\n<p>Lea<\/td>\n<td><img decoding=\"async\" loading=\"lazy\" class=\"alignnone wp-image-166\" src=\"http:\/\/www.duesigt.de\/wordpress\/wp-content\/uploads\/2015\/08\/Phototastic-30_08_2015_ca328430-7a97-41cc-9c2b-e7fee410253b-632x632.jpg\" alt=\"Phototastic-30_08_2015_ca328430-7a97-41cc-9c2b-e7fee410253b\" width=\"352\" height=\"352\" srcset=\"http:\/\/www.duesigt.de\/wordpress\/wp-content\/uploads\/2015\/08\/Phototastic-30_08_2015_ca328430-7a97-41cc-9c2b-e7fee410253b-632x632.jpg 632w, http:\/\/www.duesigt.de\/wordpress\/wp-content\/uploads\/2015\/08\/Phototastic-30_08_2015_ca328430-7a97-41cc-9c2b-e7fee410253b-1020x1020.jpg 1020w, http:\/\/www.duesigt.de\/wordpress\/wp-content\/uploads\/2015\/08\/Phototastic-30_08_2015_ca328430-7a97-41cc-9c2b-e7fee410253b.jpg 1451w\" sizes=\"(max-width: 352px) 100vw, 352px\" \/><\/td>\n<\/tr>\n<\/tbody>\n<\/table>\n","protected":false},"excerpt":{"rendered":"<p>&nbsp; Hallo &#8211; ich bin\u00a0Lea! Ich wurde am 30. August 2015 um 19:48 Uhr\u00a0im St\u00e4dtischen Klinikum G\u00fctersloh geboren. Bei meiner Geburt war ich 53 cm gro\u00df und wog 3570 g. Ich bin gespannt, was mich auf dieser Welt so alles erwartet! Ihr auch? Wer mir eine E-Mail senden m\u00f6chte, schicke diese bitte an lea[at]duesigt.de Liebe [&hellip;]<\/p>\n","protected":false},"author":1,"featured_media":0,"parent":0,"menu_order":0,"comment_status":"closed","ping_status":"closed","template":"","meta":{"footnotes":""},"_links":{"self":[{"href":"http:\/\/www.duesigt.de\/wordpress\/index.php?rest_route=\/wp\/v2\/pages\/165"}],"collection":[{"href":"http:\/\/www.duesigt.de\/wordpress\/index.php?rest_route=\/wp\/v2\/pages"}],"about":[{"href":"http:\/\/www.duesigt.de\/wordpress\/index.php?rest_route=\/wp\/v2\/types\/page"}],"author":[{"embeddable":true,"href":"http:\/\/www.duesigt.de\/wordpress\/index.php?rest_route=\/wp\/v2\/users\/1"}],"replies":[{"embeddable":true,"href":"http:\/\/www.duesigt.de\/wordpress\/index.php?rest_route=%2Fwp%2Fv2%2Fcomments&post=165"}],"version-history":[{"count":3,"href":"http:\/\/www.duesigt.de\/wordpress\/index.php?rest_route=\/wp\/v2\/pages\/165\/revisions"}],"predecessor-version":[{"id":171,"href":"http:\/\/www.duesigt.de\/wordpress\/index.php?rest_route=\/wp\/v2\/pages\/165\/revisions\/171"}],"wp:attachment":[{"href":"http:\/\/www.duesigt.de\/wordpress\/index.php?rest_route=%2Fwp%2Fv2%2Fmedia&parent=165"}],"curies":[{"name":"wp","href":"https:\/\/api.w.org\/{rel}","templated":true}]}}